{"id":38,"date":"2026-05-16T06:47:12","date_gmt":"2026-05-16T06:47:12","guid":{"rendered":"https:\/\/aqualonpulse.de\/?page_id=38"},"modified":"2026-05-16T07:01:24","modified_gmt":"2026-05-16T07:01:24","slug":"elementor-38","status":"publish","type":"page","link":"https:\/\/aqualonpulse.de\/","title":{"rendered":"AqualonPulse"},"content":{"rendered":"\t\t<div data-elementor-type=\"wp-page\" data-elementor-id=\"38\" class=\"elementor elementor-38\" data-elementor-post-type=\"page\">\n\t\t\t\t<div class=\"elementor-element elementor-element-c8500ba e-con-full e-flex e-con e-parent\" data-id=\"c8500ba\" data-element_type=\"container\" data-e-type=\"container\">\n\t\t<div class=\"elementor-element elementor-element-f3a1315 e-con-full e-flex e-con e-child\" data-id=\"f3a1315\" data-element_type=\"container\" data-e-type=\"container\" data-settings=\"{&quot;background_background&quot;:&quot;gradient&quot;}\">\n\t\t<div class=\"elementor-element elementor-element-2c17058 e-con-full e-flex e-con e-child\" data-id=\"2c17058\" data-element_type=\"container\" data-e-type=\"container\">\n\t\t\t\t<div class=\"elementor-element elementor-element-e52ccb4 elementor-widget elementor-widget-heading\" data-id=\"e52ccb4\" data-element_type=\"widget\" data-e-type=\"widget\" data-widget_type=\"heading.default\">\n\t\t\t\t\t<div class=\"elementor-heading-title elementor-size-default\">PROFESSIONELLE REITPLATZBEW\u00c4SSERUNG<\/div>\t\t\t\t<\/div>\n\t\t\t\t<div class=\"elementor-element elementor-element-061b248 elementor-widget elementor-widget-heading\" data-id=\"061b248\" data-element_type=\"widget\" data-e-type=\"widget\" data-widget_type=\"heading.default\">\n\t\t\t\t\t<h1 class=\"elementor-heading-title elementor-size-default\">Ein Platz.<br>Ein System.<br>Perfekte Beregnung.<\/h1>\t\t\t\t<\/div>\n\t\t\t\t<div class=\"elementor-element elementor-element-89ad911 elementor-widget elementor-widget-text-editor\" data-id=\"89ad911\" data-element_type=\"widget\" data-e-type=\"widget\" data-widget_type=\"text-editor.default\">\n\t\t\t\t\t\t\t\t\t<p>AqualonPulse macht aus vorhandenen 24V-Leitungen ein modernes, kontrolliertes Bew\u00e4sserungssystem f\u00fcr Reitpl\u00e4tze. Weniger Verkabelung, klare Steuerung und zuverl\u00e4ssige Ventilkontrolle \u2014 entwickelt f\u00fcr Stall, Reitanlage und Au\u00dfenplatz.<\/p>\t\t\t\t\t\t\t\t<\/div>\n\t\t\t\t<div class=\"elementor-element elementor-element-3eb021a elementor-button-info elementor-widget elementor-widget-button\" data-id=\"3eb021a\" data-element_type=\"widget\" data-e-type=\"widget\" data-widget_type=\"button.default\">\n\t\t\t\t\t\t\t\t\t\t<a class=\"elementor-button elementor-button-link elementor-size-lg\" href=\"#vorteile\">\n\t\t\t\t\t\t<span class=\"elementor-button-content-wrapper\">\n\t\t\t\t\t\t\t\t\t<span class=\"elementor-button-text\">Vorteile entdecken<\/span>\n\t\t\t\t\t<\/span>\n\t\t\t\t\t<\/a>\n\t\t\t\t\t\t\t\t<\/div>\n\t\t\t\t<\/div>\n\t\t<div class=\"elementor-element elementor-element-2f5d4ad e-con-full e-flex e-con e-child\" data-id=\"2f5d4ad\" data-element_type=\"container\" data-e-type=\"container\">\n\t\t\t\t<div class=\"elementor-element elementor-element-bd28b0e elementor-widget elementor-widget-html\" data-id=\"bd28b0e\" data-element_type=\"widget\" data-e-type=\"widget\" data-widget_type=\"html.default\">\n\t\t\t\t\t<div style=\"border-radius:36px;padding:28px;background:linear-gradient(155deg,rgba(255,255,255,.15),rgba(255,255,255,.055));border:1px solid rgba(255,255,255,.18);box-shadow:0 26px 90px rgba(0,0,0,.38);\">\n<div style=\"position:relative;min-height:375px;border-radius:30px;overflow:hidden;border:1px solid rgba(255,255,255,.16);background:linear-gradient(180deg,rgba(7,17,31,.22),rgba(7,17,31,.92)),radial-gradient(ellipse at center,rgba(184,126,69,.72) 0%,rgba(95,61,35,.82) 62%,rgba(40,32,24,.95) 100%);\">\n<div style=\"position:absolute;inset:52px 42px;border-radius:50%;border:3px solid rgba(255,255,255,.32);box-shadow:inset 0 0 55px rgba(0,0,0,.35),0 0 60px rgba(73,217,255,.12);\"><\/div>\n<div style=\"position:absolute;left:30px;top:34px;width:190px;height:190px;border-radius:50%;background:conic-gradient(from 220deg,rgba(73,217,255,0),rgba(73,217,255,.38),rgba(73,217,255,0) 42%);\"><\/div>\n<div style=\"position:absolute;right:18px;top:74px;width:190px;height:190px;border-radius:50%;background:conic-gradient(from 285deg,rgba(73,217,255,0),rgba(73,217,255,.38),rgba(73,217,255,0) 42%);\"><\/div>\n<div style=\"position:absolute;left:150px;bottom:10px;width:190px;height:190px;border-radius:50%;background:conic-gradient(from 40deg,rgba(73,217,255,0),rgba(73,217,255,.38),rgba(73,217,255,0) 42%);\"><\/div>\n<div style=\"position:absolute;left:82px;top:154px;width:16px;height:16px;border-radius:50%;background:#e8fbff;box-shadow:0 0 24px rgba(73,217,255,.9);\"><\/div>\n<div style=\"position:absolute;right:92px;top:186px;width:16px;height:16px;border-radius:50%;background:#e8fbff;box-shadow:0 0 24px rgba(73,217,255,.9);\"><\/div>\n<div style=\"position:absolute;left:246px;bottom:76px;width:16px;height:16px;border-radius:50%;background:#e8fbff;box-shadow:0 0 24px rgba(73,217,255,.9);\"><\/div>\n<\/div>\n<div style=\"display:grid;grid-template-columns:repeat(3,1fr);gap:12px;margin-top:16px;color:#fff;\">\n<div style=\"padding:16px;border-radius:18px;background:rgba(255,255,255,.075);border:1px solid rgba(255,255,255,.14);\"><strong style=\"display:block;font-size:24px;\">1<\/strong><span style=\"color:#abc0d4;font-size:13px;\">Steuerleitung<\/span><\/div>\n<div style=\"padding:16px;border-radius:18px;background:rgba(255,255,255,.075);border:1px solid rgba(255,255,255,.14);\"><strong style=\"display:block;font-size:24px;\">100+<\/strong><span style=\"color:#abc0d4;font-size:13px;\">Regnerzonen<\/span><\/div>\n<div style=\"padding:16px;border-radius:18px;background:rgba(255,255,255,.075);border:1px solid rgba(255,255,255,.14);\"><strong style=\"display:block;font-size:24px;\">100%<\/strong><span style=\"color:#abc0d4;font-size:13px;\">Kontrolliert<\/span><\/div>\n<\/div>\n<\/div>\t\t\t\t<\/div>\n\t\t\t\t<\/div>\n\t\t\t\t<\/div>\n\t\t<div class=\"elementor-element elementor-element-b3217d7 e-flex e-con-boxed e-con e-child\" data-id=\"b3217d7\" data-element_type=\"container\" data-e-type=\"container\" data-settings=\"{&quot;background_background&quot;:&quot;classic&quot;}\">\n\t\t\t\t\t<div class=\"e-con-inner\">\n\t\t<div class=\"elementor-element elementor-element-30574e6 e-con-full e-flex e-con e-child\" data-id=\"30574e6\" data-element_type=\"container\" data-e-type=\"container\">\n\t\t\t\t<div class=\"elementor-element elementor-element-40adc6c elementor-widget elementor-widget-heading\" data-id=\"40adc6c\" data-element_type=\"widget\" data-e-type=\"widget\" data-widget_type=\"heading.default\">\n\t\t\t\t\t<h2 class=\"elementor-heading-title elementor-size-default\">Bew\u00e4sserung, die einfach funktioniert<\/h2>\t\t\t\t<\/div>\n\t\t\t\t<div class=\"elementor-element elementor-element-dd78331 elementor-widget elementor-widget-text-editor\" data-id=\"dd78331\" data-element_type=\"widget\" data-e-type=\"widget\" data-widget_type=\"text-editor.default\">\n\t\t\t\t\t\t\t\t\t<p>AqualonPulse reduziert Komplexit\u00e4t und bringt professionelle Steuerlogik direkt an den Platz \u2014 ideal, wenn bestehende Leitungen weiter genutzt werden sollen.<\/p>\t\t\t\t\t\t\t\t<\/div>\n\t\t\t\t<\/div>\n\t\t\t\t\t<\/div>\n\t\t\t\t<\/div>\n\t\t<div class=\"elementor-element elementor-element-199472f e-flex e-con-boxed e-con e-child\" data-id=\"199472f\" data-element_type=\"container\" data-e-type=\"container\" data-settings=\"{&quot;background_background&quot;:&quot;classic&quot;}\">\n\t\t\t\t\t<div class=\"e-con-inner\">\n\t\t<div class=\"elementor-element elementor-element-6e95e01 e-con-full e-flex e-con e-child\" data-id=\"6e95e01\" data-element_type=\"container\" data-e-type=\"container\" data-settings=\"{&quot;background_background&quot;:&quot;classic&quot;}\">\n\t\t\t\t<div class=\"elementor-element elementor-element-d96a899 elementor-widget elementor-widget-heading\" data-id=\"d96a899\" data-element_type=\"widget\" data-e-type=\"widget\" data-widget_type=\"heading.default\">\n\t\t\t\t\t<div class=\"elementor-heading-title elementor-size-default\">1<\/div>\t\t\t\t<\/div>\n\t\t\t\t<div class=\"elementor-element elementor-element-72408f9 elementor-widget elementor-widget-heading\" data-id=\"72408f9\" data-element_type=\"widget\" data-e-type=\"widget\" data-widget_type=\"heading.default\">\n\t\t\t\t\t<h3 class=\"elementor-heading-title elementor-size-default\">Weniger Kabelaufwand<\/h3>\t\t\t\t<\/div>\n\t\t\t\t<div class=\"elementor-element elementor-element-cebf72d elementor-widget elementor-widget-text-editor\" data-id=\"cebf72d\" data-element_type=\"widget\" data-e-type=\"widget\" data-widget_type=\"text-editor.default\">\n\t\t\t\t\t\t\t\t\t<p>Die Ventildecoder werden \u00fcber eine gemeinsame 24V-Steuerleitung angesprochen. Das spart Leitungswege, Klemmen und Installationszeit.<\/p>\t\t\t\t\t\t\t\t<\/div>\n\t\t\t\t<\/div>\n\t\t<div class=\"elementor-element elementor-element-2d4cd69 e-con-full e-flex e-con e-child\" data-id=\"2d4cd69\" data-element_type=\"container\" data-e-type=\"container\" data-settings=\"{&quot;background_background&quot;:&quot;classic&quot;}\">\n\t\t\t\t<div class=\"elementor-element elementor-element-d6896b0 elementor-widget elementor-widget-heading\" data-id=\"d6896b0\" data-element_type=\"widget\" data-e-type=\"widget\" data-widget_type=\"heading.default\">\n\t\t\t\t\t<div class=\"elementor-heading-title elementor-size-default\">\u21af<\/div>\t\t\t\t<\/div>\n\t\t\t\t<div class=\"elementor-element elementor-element-6dcd1e1 elementor-widget elementor-widget-heading\" data-id=\"6dcd1e1\" data-element_type=\"widget\" data-e-type=\"widget\" data-widget_type=\"heading.default\">\n\t\t\t\t\t<h3 class=\"elementor-heading-title elementor-size-default\">Robuste Steuerung<\/h3>\t\t\t\t<\/div>\n\t\t\t\t<div class=\"elementor-element elementor-element-14c78aa elementor-widget elementor-widget-text-editor\" data-id=\"14c78aa\" data-element_type=\"widget\" data-e-type=\"widget\" data-widget_type=\"text-editor.default\">\n\t\t\t\t\t\t\t\t\t<p>Langsame, klare Puls\u00fcbertragung statt empfindlicher Hochgeschwindigkeits-Kommunikation. Gemacht f\u00fcr Au\u00dfenanlagen und lange Strecken.<\/p>\t\t\t\t\t\t\t\t<\/div>\n\t\t\t\t<\/div>\n\t\t<div class=\"elementor-element elementor-element-b0db293 e-con-full e-flex e-con e-child\" data-id=\"b0db293\" data-element_type=\"container\" data-e-type=\"container\" data-settings=\"{&quot;background_background&quot;:&quot;classic&quot;}\">\n\t\t\t\t<div class=\"elementor-element elementor-element-6e01cd7 elementor-widget elementor-widget-heading\" data-id=\"6e01cd7\" data-element_type=\"widget\" data-e-type=\"widget\" data-widget_type=\"heading.default\">\n\t\t\t\t\t<div class=\"elementor-heading-title elementor-size-default\">\u2713<\/div>\t\t\t\t<\/div>\n\t\t\t\t<div class=\"elementor-element elementor-element-59bda4b elementor-widget elementor-widget-heading\" data-id=\"59bda4b\" data-element_type=\"widget\" data-e-type=\"widget\" data-widget_type=\"heading.default\">\n\t\t\t\t\t<h3 class=\"elementor-heading-title elementor-size-default\">Sichere Abl\u00e4ufe<\/h3>\t\t\t\t<\/div>\n\t\t\t\t<div class=\"elementor-element elementor-element-b252a2b elementor-widget elementor-widget-text-editor\" data-id=\"b252a2b\" data-element_type=\"widget\" data-e-type=\"widget\" data-widget_type=\"text-editor.default\">\n\t\t\t\t\t\t\t\t\t<p>Nie mehr als ein Ventil gleichzeitig, sofortiger STOP und automatische Sperre nach Timeout. Die Anlage bleibt jederzeit beherrschbar.<\/p>\t\t\t\t\t\t\t\t<\/div>\n\t\t\t\t<\/div>\n\t\t\t\t\t<\/div>\n\t\t\t\t<\/div>\n\t\t<div class=\"elementor-element elementor-element-e4b940e e-flex e-con-boxed e-con e-child\" data-id=\"e4b940e\" data-element_type=\"container\" data-e-type=\"container\" data-settings=\"{&quot;background_background&quot;:&quot;gradient&quot;}\">\n\t\t\t\t\t<div class=\"e-con-inner\">\n\t\t<div class=\"elementor-element elementor-element-bec26d5 e-con-full e-flex e-con e-child\" data-id=\"bec26d5\" data-element_type=\"container\" data-e-type=\"container\" data-settings=\"{&quot;background_background&quot;:&quot;classic&quot;}\">\n\t\t\t\t<div class=\"elementor-element elementor-element-6210497 elementor-widget elementor-widget-heading\" data-id=\"6210497\" data-element_type=\"widget\" data-e-type=\"widget\" data-widget_type=\"heading.default\">\n\t\t\t\t\t<h2 class=\"elementor-heading-title elementor-size-default\">F\u00fcr Reitpl\u00e4tze, die zuverl\u00e4ssig bereit sein m\u00fcssen.<\/h2>\t\t\t\t<\/div>\n\t\t\t\t<div class=\"elementor-element elementor-element-3901342 elementor-widget elementor-widget-text-editor\" data-id=\"3901342\" data-element_type=\"widget\" data-e-type=\"widget\" data-widget_type=\"text-editor.default\">\n\t\t\t\t\t\t\t\t\t<p>Staub, ungleichm\u00e4\u00dfige Feuchtigkeit und manuelles Nachregeln kosten Zeit und Nerven. AqualonPulse sorgt f\u00fcr eine strukturierte Bew\u00e4sserung einzelner Regnerzonen \u2014 direkt am Bedienfeld oder \u00fcber die lokale Web-Oberfl\u00e4che.<\/p><ul><li>Ideal f\u00fcr Reitpl\u00e4tze, Au\u00dfenpl\u00e4tze und Trainingsfl\u00e4chen<\/li><li>Bestehende 24VAC-Infrastruktur nutzbar<\/li><li>Manueller und zeitgesteuerter Betrieb<\/li><li>Umschaltung zwischen Brunnen und Stadtwasser<\/li><li>Klare Anzeige \u00fcber 4-stelliges Display<\/li><li>PIN-gesch\u00fctzter Zugriff per Web-API<\/li><\/ul>\t\t\t\t\t\t\t\t<\/div>\n\t\t\t\t<\/div>\n\t\t\t\t\t<\/div>\n\t\t\t\t<\/div>\n\t\t<div class=\"elementor-element elementor-element-085139d e-flex e-con-boxed e-con e-child\" data-id=\"085139d\" data-element_type=\"container\" data-e-type=\"container\" data-settings=\"{&quot;background_background&quot;:&quot;classic&quot;}\">\n\t\t\t\t\t<div class=\"e-con-inner\">\n\t\t<div class=\"elementor-element elementor-element-07d0c4f e-con-full e-flex e-con e-child\" data-id=\"07d0c4f\" data-element_type=\"container\" data-e-type=\"container\">\n\t\t\t\t<div class=\"elementor-element elementor-element-29b8e1c elementor-widget elementor-widget-heading\" data-id=\"29b8e1c\" data-element_type=\"widget\" data-e-type=\"widget\" data-widget_type=\"heading.default\">\n\t\t\t\t\t<h2 class=\"elementor-heading-title elementor-size-default\">Warum AqualonPulse?<\/h2>\t\t\t\t<\/div>\n\t\t\t\t<div class=\"elementor-element elementor-element-b744745 elementor-widget elementor-widget-text-editor\" data-id=\"b744745\" data-element_type=\"widget\" data-e-type=\"widget\" data-widget_type=\"text-editor.default\">\n\t\t\t\t\t\t\t\t\t<p>Nicht jedes Bew\u00e4sserungssystem passt zu bestehenden Anlagen. AqualonPulse ist besonders dann stark, wenn viele Ventile mit m\u00f6glichst wenig Leitungsaufwand kontrolliert werden sollen.<\/p>\t\t\t\t\t\t\t\t<\/div>\n\t\t\t\t<div class=\"elementor-element elementor-element-778eb6d elementor-widget elementor-widget-html\" data-id=\"778eb6d\" data-element_type=\"widget\" data-e-type=\"widget\" data-widget_type=\"html.default\">\n\t\t\t\t\t<table style=\"width:100%;border-collapse:collapse;border-radius:22px;overflow:hidden;background:rgba(255,255,255,.055);border:1px solid rgba(255,255,255,.16);color:#cad9e6;\">\n<thead><tr><th style=\"padding:15px 16px;background:rgba(18,152,232,.2);color:#ecfaff;text-align:left;\">Anforderung<\/th><th style=\"padding:15px 16px;background:rgba(18,152,232,.2);color:#ecfaff;text-align:left;\">Klassische Verdrahtung<\/th><th style=\"padding:15px 16px;background:rgba(18,152,232,.2);color:#ecfaff;text-align:left;\">AqualonPulse<\/th><\/tr><\/thead>\n<tbody>\n<tr><td style=\"padding:15px 16px;border-top:1px solid rgba(255,255,255,.09);\">Leitungsaufwand<\/td><td style=\"padding:15px 16px;border-top:1px solid rgba(255,255,255,.09);\">Separate Adern je Ventil<\/td><td style=\"padding:15px 16px;border-top:1px solid rgba(255,255,255,.09);\">Gemeinsame Steuerleitung mit adressierten Decodern<\/td><\/tr>\n<tr><td style=\"padding:15px 16px;border-top:1px solid rgba(255,255,255,.09);\">Nachr\u00fcstung<\/td><td style=\"padding:15px 16px;border-top:1px solid rgba(255,255,255,.09);\">Oft aufw\u00e4ndige Erdarbeiten<\/td><td style=\"padding:15px 16px;border-top:1px solid rgba(255,255,255,.09);\">Gut geeignet f\u00fcr vorhandene 24VAC-Strecken<\/td><\/tr>\n<tr><td style=\"padding:15px 16px;border-top:1px solid rgba(255,255,255,.09);\">Bedienung<\/td><td style=\"padding:15px 16px;border-top:1px solid rgba(255,255,255,.09);\">Schalter, Relais oder einfache Zeitschaltlogik<\/td><td style=\"padding:15px 16px;border-top:1px solid rgba(255,255,255,.09);\">Tastenfeld, Anzeige und lokale Web-Steuerung<\/td><\/tr>\n<tr><td style=\"padding:15px 16px;border-top:1px solid rgba(255,255,255,.09);\">Sicherheit<\/td><td style=\"padding:15px 16px;border-top:1px solid rgba(255,255,255,.09);\">Abh\u00e4ngig von Verdrahtung und Steuerung<\/td><td style=\"padding:15px 16px;border-top:1px solid rgba(255,255,255,.09);\">STOP, Einzelventilbetrieb, Wasserquellen-Verriegelung<\/td><\/tr>\n<\/tbody><\/table>\t\t\t\t<\/div>\n\t\t\t\t<\/div>\n\t\t\t\t\t<\/div>\n\t\t\t\t<\/div>\n\t\t<div class=\"elementor-element elementor-element-67ca8b1 e-flex e-con-boxed e-con e-child\" data-id=\"67ca8b1\" data-element_type=\"container\" data-e-type=\"container\" data-settings=\"{&quot;background_background&quot;:&quot;classic&quot;}\">\n\t\t\t\t\t<div class=\"e-con-inner\">\n\t\t<div class=\"elementor-element elementor-element-36008c9 e-con-full e-flex e-con e-child\" data-id=\"36008c9\" data-element_type=\"container\" data-e-type=\"container\">\n\t\t\t\t<div class=\"elementor-element elementor-element-388e393 elementor-widget elementor-widget-heading\" data-id=\"388e393\" data-element_type=\"widget\" data-e-type=\"widget\" data-widget_type=\"heading.default\">\n\t\t\t\t\t<h2 class=\"elementor-heading-title elementor-size-default\">Technik, wenn man sie braucht<\/h2>\t\t\t\t<\/div>\n\t\t\t\t<div class=\"elementor-element elementor-element-28f925e elementor-widget elementor-widget-text-editor\" data-id=\"28f925e\" data-element_type=\"widget\" data-e-type=\"widget\" data-widget_type=\"text-editor.default\">\n\t\t\t\t\t\t\t\t\t<p>ESP32-Bew\u00e4sserungs-Master f\u00fcr vorhandene ATtiny85-Felddecoder \u00fcber 24VAC-Pulsmodulation.<\/p><ul><li>AC vorhanden = Ruhe \/ Gaps<\/li><li>AC fehlt = Signal \/ Marke<\/li><li>Frame: <code>SYNC \u2192 ADDRESS \u2192 COMMAND<\/code><\/li><li>Command <code>1<\/code> = OFF, Command <code>2<\/code> = ON<\/li><li>Jeder Befehl wird als Doppel-Frame gesendet<\/li><\/ul><h3>Web-API<\/h3><pre>GET  \/api\/status\nPOST \/api\/unlock?pin=123456\nPOST \/api\/lock\nPOST \/api\/stop\nPOST \/api\/start\nPOST \/api\/water?source=well|city\nPOST \/api\/valve?id=1&amp;mode=on|off|timed\nGET  \/api\/settings<\/pre>\t\t\t\t\t\t\t\t<\/div>\n\t\t\t\t<\/div>\n\t\t\t\t\t<\/div>\n\t\t\t\t<\/div>\n\t\t<div class=\"elementor-element elementor-element-5381d58 e-flex e-con-boxed e-con e-child\" data-id=\"5381d58\" data-element_type=\"container\" data-e-type=\"container\" data-settings=\"{&quot;background_background&quot;:&quot;gradient&quot;}\">\n\t\t\t\t\t<div class=\"e-con-inner\">\n\t\t<div class=\"elementor-element elementor-element-760ed3d e-con-full e-flex e-con e-child\" data-id=\"760ed3d\" data-element_type=\"container\" data-e-type=\"container\" data-settings=\"{&quot;background_background&quot;:&quot;classic&quot;}\">\n\t\t\t\t<div class=\"elementor-element elementor-element-6277a84 elementor-widget elementor-widget-heading\" data-id=\"6277a84\" data-element_type=\"widget\" data-e-type=\"widget\" data-widget_type=\"heading.default\">\n\t\t\t\t\t<h2 class=\"elementor-heading-title elementor-size-default\">AqualonPulse<\/h2>\t\t\t\t<\/div>\n\t\t\t\t<div class=\"elementor-element elementor-element-35e3580 elementor-widget elementor-widget-text-editor\" data-id=\"35e3580\" data-element_type=\"widget\" data-e-type=\"widget\" data-widget_type=\"text-editor.default\">\n\t\t\t\t\t\t\t\t\t<p style='text-align:center'><strong>Single-Line Valve Control<\/strong> f\u00fcr professionelle Reitplatzbew\u00e4sserung \u2014 schlank in der Installation, stark in der Steuerung und robust genug f\u00fcr den t\u00e4glichen Einsatz.<\/p>\t\t\t\t\t\t\t\t<\/div>\n\t\t\t\t<\/div>\n\t\t\t\t\t<\/div>\n\t\t\t\t<\/div>\n\t\t\t\t<\/div>\n\t\t\t\t<\/div>\n\t\t","protected":false},"excerpt":{"rendered":"<p>PROFESSIONELLE REITPLATZBEW\u00c4SSERUNG Ein Platz.Ein System.Perfekte Beregnung. AqualonPulse macht aus vorhandenen 24V-Leitungen ein modernes, kontrolliertes Bew\u00e4sserungssystem f\u00fcr Reitpl\u00e4tze. Weniger Verkabelung, klare Steuerung und zuverl\u00e4ssige Ventilkontrolle \u2014 entwickelt f\u00fcr Stall, Reitanlage und Au\u00dfenplatz. Vorteile entdecken 1Steuerleitung 100+Regnerzonen 100%Kontrolliert Bew\u00e4sserung, die einfach funktioniert AqualonPulse reduziert Komplexit\u00e4t und bringt professionelle Steuerlogik direkt an den Platz \u2014 ideal, wenn bestehende [&hellip;]<\/p>\n","protected":false},"author":1,"featured_media":0,"parent":0,"menu_order":0,"comment_status":"closed","ping_status":"closed","template":"elementor_header_footer","meta":{"footnotes":""},"class_list":["post-38","page","type-page","status-publish","hentry"],"_links":{"self":[{"href":"https:\/\/aqualonpulse.de\/index.php?rest_route=\/wp\/v2\/pages\/38","targetHints":{"allow":["GET"]}}],"collection":[{"href":"https:\/\/aqualonpulse.de\/index.php?rest_route=\/wp\/v2\/pages"}],"about":[{"href":"https:\/\/aqualonpulse.de\/index.php?rest_route=\/wp\/v2\/types\/page"}],"author":[{"embeddable":true,"href":"https:\/\/aqualonpulse.de\/index.php?rest_route=\/wp\/v2\/users\/1"}],"replies":[{"embeddable":true,"href":"https:\/\/aqualonpulse.de\/index.php?rest_route=%2Fwp%2Fv2%2Fcomments&post=38"}],"version-history":[{"count":13,"href":"https:\/\/aqualonpulse.de\/index.php?rest_route=\/wp\/v2\/pages\/38\/revisions"}],"predecessor-version":[{"id":53,"href":"https:\/\/aqualonpulse.de\/index.php?rest_route=\/wp\/v2\/pages\/38\/revisions\/53"}],"wp:attachment":[{"href":"https:\/\/aqualonpulse.de\/index.php?rest_route=%2Fwp%2Fv2%2Fmedia&parent=38"}],"curies":[{"name":"wp","href":"https:\/\/api.w.org\/{rel}","templated":true}]}}